{"id":701,"date":"2026-01-30T08:00:01","date_gmt":"2026-01-30T06:00:01","guid":{"rendered":"https:\/\/conference.vtu.bg\/committees\/"},"modified":"2026-02-05T12:19:19","modified_gmt":"2026-02-05T10:19:19","slug":"committees","status":"publish","type":"page","link":"https:\/\/ils.vtu.bg\/en\/committees\/","title":{"rendered":"Committees"},"content":{"rendered":"\t\t<div data-elementor-type=\"wp-page\" data-elementor-id=\"701\" class=\"elementor elementor-701\" data-elementor-post-type=\"page\">\n\t\t\t\t<div class=\"elementor-element elementor-element-22c479b e-flex e-con-boxed e-con e-parent\" data-id=\"22c479b\" data-element_type=\"container\">\n\t\t\t\t\t<div class=\"e-con-inner\">\n\t\t\t\t<div class=\"elementor-element elementor-element-d8cbcf5 elementor-widget__width-inherit elementor-widget elementor-widget-heading\" data-id=\"d8cbcf5\" data-element_type=\"widget\" data-widget_type=\"heading.default\">\n\t\t\t\t<div class=\"elementor-widget-container\">\n\t\t\t\t\t<h3 class=\"elementor-heading-title elementor-size-default\">Committees<\/h3>\t\t\t\t<\/div>\n\t\t\t\t<\/div>\n\t\t\t\t\t<\/div>\n\t\t\t\t<\/div>\n\t\t<div class=\"elementor-element elementor-element-7bbcee0 e-flex e-con-boxed e-con e-parent\" data-id=\"7bbcee0\" data-element_type=\"container\">\n\t\t\t\t\t<div class=\"e-con-inner\">\n\t\t\t\t<div class=\"elementor-element elementor-element-c2dff24 elementor-widget elementor-widget-text-editor\" data-id=\"c2dff24\" data-element_type=\"widget\" data-widget_type=\"text-editor.default\">\n\t\t\t\t<div class=\"elementor-widget-container\">\n\t\t\t\t\t\t\t\t\t<p><strong>HONOR COMMITTEE\u00a0<\/strong><\/p><p style=\"text-align: left;\" align=\"center\"><strong>H\u00dcSEYIN K\u00dcRSAT\u00a0KIRBIYIK<\/strong>\u00a0\u2013 GOVERNOR OF ED\u0130RNE<br \/><strong>RECEP G\u00dcRKAN<\/strong>\u00a0\u2013 MAYOR OF ED\u0130RNE<br \/><strong>Prof. Dr. KRASIMIR KRYSTANOV<\/strong>\u00a0\u2013 TODOR KABLESHKOV UNIVERSITY of TRANSPORT RECTOR<br \/><strong><span class=\"gs_tkn\">Prof.\u00a0<\/span><span class=\"gs_tkn\">Dr.\u00a0<\/span><span class=\"gs_tkn\">Mustafa\u00a0<\/span><span class=\"gs_tkn\">Hatipler<\/span> <\/strong>\u2013 TRAKYA UNIVERSITY RECTOR<\/p>\t\t\t\t\t\t\t\t<\/div>\n\t\t\t\t<\/div>\n\t\t\t\t<div class=\"elementor-element elementor-element-06a7527 elementor-widget elementor-widget-text-editor\" data-id=\"06a7527\" data-element_type=\"widget\" data-widget_type=\"text-editor.default\">\n\t\t\t\t<div class=\"elementor-widget-container\">\n\t\t\t\t\t\t\t\t\t<p style=\"text-align: left;\" align=\"center\"><strong><span class=\"tlid-translation translation\" lang=\"bg\"><span class=\"\" title=\"\">INTERNATIONAL SCIENTIFIC COMMITTEE \/ \u041c\u0415\u0416\u0414\u0423\u041d\u0410\u0420\u041e\u0414\u0415\u041d \u041d\u0410\u0423\u0427\u0415\u041d \u041a\u041e\u041c\u0418\u0422\u0415\u0422<\/span><\/span><\/strong><\/p><ul><li>Assoc. Prof. Borislav ARNAUDOV, PhD \u2013 University of National and World Economy, Bulgaria<\/li><li>Prof. Desislava YOSIFOVA, PhD, Eng. \u2013 Todor Kableshkov University of Transport, Bulgaria<\/li><li>Prof. Dimitar DIMITROV, PhD, Eng. \u2013 Todor Kableshkov University of Transport, Bulgaria<\/li><li>Prof. Emiliya Vaysilova, PhD \u2013 Todor Kableshkov University of Transport, Bulgaria<\/li><li>Prof. Janusz TOMASZEWSKI, PhD \u2013 University of Business and Administration, Gdynia, Poland<\/li><li>Prof. Christina NIKOLOVA, PhD \u2013 University of National and World Economy, Bulgaria<\/li><li>Assoc. Prof. Julia VARADINOVA, PhD, Eng. \u2013 Todor Kableshkov University of Transport, Bulgaria<\/li><li>Prof. Kalin KALINOV, PhD, Eng. \u2013 Nikola Vaptsarov Naval Academy, Bulgaria<\/li><li>Assoc. Prof. Krasimir YORDANOV, PhD, Econ. \u2013 University of National and World Economy, Bulgaria<\/li><li>Assoc. Prof. \u013dubo\u0161 CIB\u00c1K, PhD, Eng. \u2013 School of Economics and Management in Public Administration, Slovakia<\/li><li>\u00a0Prof. Leszek KORZENIOWSKI, PhD \u2013 European Association in Security, Krakow, Poland<\/li><li>Prof. Maya LAMBOVSKA, D.Sc., Econ. \u2013 University of National and World Economy, Bulgaria<\/li><li>Assoc. Prof. Milanka BOGAVAC, PhD \u2013 \u201cMB\u201d University, Belgrade, Serbia<\/li><li>Prof. Mile Savkovic, PhD \u2013 Faculty of Mechanical and Civil Engineering, Kraljevo, Serbia<\/li><li>Assoc. Prof. Nina GERGOVA, PhD, Eng. \u2013 Todor Kableshkov University of Transport, Bulgaria<\/li><li>Assoc. Prof. Orlin KOLEV, PhD\u00a0 \u2013 Todor Kableshkov University of Transport, Bulgaria<\/li><li>Assoc. Prof. Stanislav FILIP, PhD, Eng.\u00a0 \u2013 School of Economics and Management in Public Administration, Slovakia<\/li><li>Prof. Tatiana \u010cOREJOV\u00c1, PhD \u2013 University of Zilina, Slovakia<\/li><li>Assoc. Prof. Teodor BEROV, PhD, Eng. \u2013 Todor Kableshkov University of Transport, Bulgaria<\/li><li>Prof. Valentina STANEVA, PhD, Econ. \u2013 Todor Kableshkov University of Transport, Bulgaria<\/li><li>Assoc. Prof. Vasko VASILEV, PhD, Econ. \u2013 Todor Kableshkov University of Transport, Bulgaria<\/li><li>Assoc. Prof. Wang BO, PhD \u2013 Ningbo, China<\/li><li>Prof. Zdenek DVORAK, PhD \u2013 University of Zilina, Slovakia<\/li><li>Prof. Zoran CEKEREVAC, PhD, Eng. \u2013 \u201cMB\u201d University, Belgrade, Serbia<\/li><li>Assoc. Prof. Zlatin TRENDAFILOV, PhD, Eng. \u2013 Todor Kableshkov University of Transport, Bulgaria<\/li><li>As.Prof. Mgr. Emil VEL\u0130NOV PhD.\u00a0 \u00a0 SKODA AUTO University Czech Republic<\/li><li>Prof. Dr. Abdullah OKUMU\u015e, \u0130stanbul \u00dcniversitesi<\/li><li>Prof. Dr. Agah Sinan \u00dcNSAR, Trakya \u00dcniversitesi<\/li><li>Prof. Dr. Alpaslan ATE\u015e, \u0130skenderun Teknik \u00dcniversitesi<\/li><li>Prof. Dr. Ayhan AYTA\u00c7, Trakya \u00dcniversitesi<\/li><li>Prof. Dr. Ayhan GEN\u00c7LER, Trakya \u00dcniversitesi<\/li><li>Prof. Dr. Birdo\u011fan BAK\u0130, Kardeniz Teknik \u00dcniversitesi<\/li><li>Prof. Dr. Burak ARZOVA, Long Island University Brooklyn Misafir \u00d6\u011fr.\u00dcyesi<\/li><li>Prof. Dr. G\u00fcl\u00e7in B\u00dcY\u00dcK\u00d6ZKAN FEY\u0130O\u011eLU, Galatasaray \u00dcniversitesi<\/li><li>Prof. Dr. H\u00fcseyin BA\u011eCI, Orta Do\u011fu \u00dcniversitesi<\/li><li>Prof. Dr. Okan TUNA, Dokuz Eyl\u00fcl \u00dcniversitesi<\/li><li>Prof. Dr. K\u00f6ksal HAZIR, Mersin Toros \u00dcniversitesi<\/li><li>Prof.Dr. Ramazan ERTURGUT, Akdeniz \u00dcniversitesi<\/li><li>Prof. Dr. Rasim \u0130lker G\u00d6KBULUT, \u0130stanbul \u00dcniversitesi<\/li><li>Prof. Dr. Mehmet TANYA\u015e Maltepe \u00dcniversitesi<\/li><li>Prof. Dr. Murat ERDAL, \u0130stanbul \u00dcniversitesi<\/li><li>Prof. Dr. M.Hakan KESK\u0130N, Ni\u015fanta\u015f\u0131 \u00dcniversitesi<\/li><li>Prof. Dr. Nur\u015fen SE\u00c7K\u0130N G\u00d6RG\u00dcN, Trakya \u00dcniversitesi<\/li><li>Prof. Dr. Sadi UZUNO\u011eLU, Trakya \u00dcniversitesi<\/li><li>Prof. Dr. Soner ESMER, Dokuz Eyl\u00fcl \u00dcniversitesi<\/li><li>Prof. Dr. \u015eenol YAPRAK, Polis Akademisi<\/li><li>Prof. Dr. Umut R\u0131fat TUZKAYA Y\u0131ld\u0131z Teknik \u00dcniversitesi<\/li><li>Assoc. Prof. Ezgi UZEL AYDINOCAK, \u00a0Beykoz \u00dcniversitesi<\/li><li>Assoc. Prof. Fahriye MERD\u0130VENC\u0130, Akdeniz \u00dcniversitesi<\/li><li>Assoc. Prof. G\u00fcven\u00e7 \u015eAH\u0130N, Sabanc\u0131 \u00dcniversitesi<\/li><li>Assoc. Prof. \u00d6mer Faruk G\u00d6R\u00c7\u00dcN, Kadir Has \u00dcniversitesi<\/li><li>Assist. Prof. Duygu Y\u00dcCEL, Trakya \u00dcniversitesi<\/li><li>Assist. Prof. \u00a0G\u00fcl\u00fcm Burcu DALKIRAN, Trakya \u00dcniversitesi<\/li><li>Assist. Prof. Ramazan \u00c7EL\u0130K, Trakya \u00dcniversitesi<\/li><li>Assist. Prof. Nagehan UCA, \u0130stabul Ticaret \u00dcniversitesi<\/li><li>Assoc. Prof.\u00a0\u00a0Mustafa FAYDA, Polis Akademisi<\/li><\/ul>\t\t\t\t\t\t\t\t<\/div>\n\t\t\t\t<\/div>\n\t\t\t\t\t<\/div>\n\t\t\t\t<\/div>\n\t\t<div class=\"elementor-element elementor-element-4fd6561 e-flex e-con-boxed e-con e-parent\" data-id=\"4fd6561\" data-element_type=\"container\">\n\t\t\t\t\t<div class=\"e-con-inner\">\n\t\t\t\t<div class=\"elementor-element elementor-element-b9dc53f elementor-widget elementor-widget-text-editor\" data-id=\"b9dc53f\" data-element_type=\"widget\" data-widget_type=\"text-editor.default\">\n\t\t\t\t<div class=\"elementor-widget-container\">\n\t\t\t\t\t\t\t\t\t<p><strong>ORGANIZING COMMITTEE\u00a0<\/strong><\/p><p style=\"text-align: left;\" align=\"center\"><b>&#8230;<\/b><\/p>\t\t\t\t\t\t\t\t<\/div>\n\t\t\t\t<\/div>\n\t\t\t\t\t<\/div>\n\t\t\t\t<\/div>\n\t\t\t\t<\/div>\n\t\t","protected":false},"excerpt":{"rendered":"<p>Committees HONOR COMMITTEE\u00a0 H\u00dcSEYIN K\u00dcRSAT\u00a0KIRBIYIK\u00a0\u2013 GOVERNOR OF ED\u0130RNERECEP G\u00dcRKAN\u00a0\u2013 MAYOR OF ED\u0130RNEProf. Dr. KRASIMIR KRYSTANOV\u00a0\u2013 TODOR KABLESHKOV UNIVERSITY of TRANSPORT RECTORProf.\u00a0Dr.\u00a0Mustafa\u00a0Hatipler \u2013 TRAKYA UNIVERSITY RECTOR INTERNATIONAL SCIENTIFIC COMMITTEE \/ \u041c\u0415\u0416\u0414\u0423\u041d\u0410\u0420\u041e\u0414\u0415\u041d \u041d\u0410\u0423\u0427\u0415\u041d \u041a\u041e\u041c\u0418\u0422\u0415\u0422 Assoc. Prof. Borislav ARNAUDOV, PhD \u2013 University of National and World Economy, Bulgaria Prof. Desislava YOSIFOVA, PhD, Eng. \u2013 Todor Kableshkov University of [&hellip;]<\/p>\n","protected":false},"author":2,"featured_media":0,"parent":0,"menu_order":0,"comment_status":"closed","ping_status":"closed","template":"","meta":{"footnotes":""},"class_list":["post-701","page","type-page","status-publish","hentry"],"_links":{"self":[{"href":"https:\/\/ils.vtu.bg\/en\/wp-json\/wp\/v2\/pages\/701","targetHints":{"allow":["GET"]}}],"collection":[{"href":"https:\/\/ils.vtu.bg\/en\/wp-json\/wp\/v2\/pages"}],"about":[{"href":"https:\/\/ils.vtu.bg\/en\/wp-json\/wp\/v2\/types\/page"}],"author":[{"embeddable":true,"href":"https:\/\/ils.vtu.bg\/en\/wp-json\/wp\/v2\/users\/2"}],"replies":[{"embeddable":true,"href":"https:\/\/ils.vtu.bg\/en\/wp-json\/wp\/v2\/comments?post=701"}],"version-history":[{"count":63,"href":"https:\/\/ils.vtu.bg\/en\/wp-json\/wp\/v2\/pages\/701\/revisions"}],"predecessor-version":[{"id":1137,"href":"https:\/\/ils.vtu.bg\/en\/wp-json\/wp\/v2\/pages\/701\/revisions\/1137"}],"wp:attachment":[{"href":"https:\/\/ils.vtu.bg\/en\/wp-json\/wp\/v2\/media?parent=701"}],"curies":[{"name":"wp","href":"https:\/\/api.w.org\/{rel}","templated":true}]}}